{"id":42516,"date":"2020-08-31T07:51:31","date_gmt":"2020-08-31T07:51:31","guid":{"rendered":"https:\/\/legandgo.com\/shop\/senza-categoria\/bicicletta-dequilibrio-leggo-3in1\/"},"modified":"2026-02-28T06:41:22","modified_gmt":"2026-02-28T04:41:22","slug":"bicicletta-dequilibrio-3in1","status":"publish","type":"product","link":"https:\/\/legandgo.com\/it\/shop\/bicicletta-di-equilibrio\/bicicletta-dequilibrio-3in1\/","title":{"rendered":"Bicicletta d&#8217;equilibrio 3in1"},"content":{"rendered":"<p style=\"font-weight: 400;\">Tutto ci\u00f2 che dovrebbe essere la prima bici!<\/p>\n<p style=\"font-weight: 400;\">1 minuto e nessun attrezzo: \u00e8 tutto ci\u00f2 che serve per trasformare la tua Balance Bike 3in1 dalla versione molto bassa per neonati a una configurazione molto pi\u00f9 alta o pi\u00f9 ammortizzata.<\/p>\n<p style=\"font-weight: 400;\">Cerchi un compagno premuroso sempre pronto a sostenere il tuo bambino? L\u2019hai trovato.<\/p>\n<p style=\"font-weight: 400;\"><strong>Scopri altre caratteristiche qui sotto.<\/strong><\/p>\n","protected":false},"excerpt":{"rendered":"<p>Tutto ci\u00f2 che dovrebbe essere la prima bici! 1 minuto e nessun attrezzo: \u00e8 tutto ci\u00f2 che serve per trasformare la tua Balance Bike 3in1 dalla versione molto bassa per neonati a una configurazione molto pi\u00f9 alta o pi\u00f9 ammortizzata. Cerchi un compagno premuroso sempre pronto a sostenere il tuo bambino? L\u2019hai trovato. Scopri altre<a class=\"excerpt-read-more\" href=\"https:\/\/legandgo.com\/it\/shop\/bicicletta-di-equilibrio\/bicicletta-dequilibrio-3in1\/\" title=\"ReadBicicletta d&#8217;equilibrio 3in1\">&#8230; Read more &raquo;<\/a><\/p>\n","protected":false},"featured_media":42528,"comment_status":"open","ping_status":"closed","template":"","meta":{"_acf_changed":false,"inline_featured_image":false,"footnotes":""},"product_brand":[],"product_cat":[1010,1312],"product_tag":[1728,1720,1724,1716,1712],"class_list":{"0":"post-42516","1":"product","2":"type-product","3":"status-publish","4":"has-post-thumbnail","6":"product_cat-bicicletta-di-equilibrio","7":"product_cat-biciclette-senza-pedali-e-altro","8":"product_tag-leg-go-2","9":"product_tag-leg-and-go","10":"product_tag-leg-go","11":"product_tag-leggo","12":"product_tag-legandgo","13":"product_shipping_class-bike-shipping-it","15":"first","16":"instock","17":"purchasable","18":"product-type-simple"},"bundled_by":[],"bundle_stock_status":"instock","bundle_stock_quantity":null,"bundle_virtual":false,"bundle_layout":"","bundle_add_to_cart_form_location":"","bundle_editable_in_cart":false,"bundle_sold_individually_context":"","bundle_item_grouping":"","bundle_min_size":"","bundle_max_size":"","bundle_price":[],"bundled_items":[],"bundle_sell_ids":[],"acf":[],"yoast_head":"<!-- This site is optimized with the Yoast SEO plugin v25.9 - https:\/\/yoast.com\/wordpress\/plugins\/seo\/ -->\n<title>Bicicletta d&#039;equilibrio 3in1 &#183; leg&amp;go<\/title>\n<meta name=\"description\" content=\"Scopri la Balance Bike 3in1 leg&amp;go, la bici in legno che cresce con il tuo bambino da 1 a 5 anni. Leggera, sicura e sostenibile, con spedizione veloce in tutto il mondo.\" \/>\n<meta name=\"robots\" content=\"index, follow, max-snippet:-1, max-image-preview:large, max-video-preview:-1\" \/>\n<link rel=\"canonical\" href=\"https:\/\/legandgo.com\/it\/shop\/bicicletta-di-equilibrio\/bicicletta-dequilibrio-3in1\/\" \/>\n<meta property=\"og:locale\" content=\"it_IT\" \/>\n<meta property=\"og:type\" content=\"article\" \/>\n<meta property=\"og:title\" content=\"Bicicletta d&#039;equilibrio 3in1 &#183; leg&amp;go\" \/>\n<meta property=\"og:description\" content=\"Scopri la Balance Bike 3in1 leg&amp;go, la bici in legno che cresce con il tuo bambino da 1 a 5 anni. Leggera, sicura e sostenibile, con spedizione veloce in tutto il mondo.\" \/>\n<meta property=\"og:url\" content=\"https:\/\/legandgo.com\/it\/shop\/bicicletta-di-equilibrio\/bicicletta-dequilibrio-3in1\/\" \/>\n<meta property=\"og:site_name\" content=\"leg&amp;go\" \/>\n<meta property=\"article:publisher\" content=\"https:\/\/www.facebook.com\/legandgo\" \/>\n<meta property=\"article:modified_time\" content=\"2026-02-28T04:41:22+00:00\" \/>\n<meta property=\"og:image\" content=\"https:\/\/legandgo.com\/wp-content\/uploads\/2020\/08\/3in1_Balance_bike_1000x1000.jpg\" \/>\n\t<meta property=\"og:image:width\" content=\"1000\" \/>\n\t<meta property=\"og:image:height\" content=\"1000\" \/>\n\t<meta property=\"og:image:type\" content=\"image\/jpeg\" \/>\n<meta name=\"twitter:card\" content=\"summary_large_image\" \/>\n<script type=\"application\/ld+json\" class=\"yoast-schema-graph\">{\"@context\":\"https:\/\/schema.org\",\"@graph\":[{\"@type\":\"WebPage\",\"@id\":\"https:\/\/legandgo.com\/it\/shop\/bicicletta-di-equilibrio\/bicicletta-dequilibrio-3in1\/\",\"url\":\"https:\/\/legandgo.com\/it\/shop\/bicicletta-di-equilibrio\/bicicletta-dequilibrio-3in1\/\",\"name\":\"Bicicletta d'equilibrio 3in1 &#183; leg&amp;go\",\"isPartOf\":{\"@id\":\"https:\/\/legandgo.com\/it\/#website\"},\"primaryImageOfPage\":{\"@id\":\"https:\/\/legandgo.com\/it\/shop\/bicicletta-di-equilibrio\/bicicletta-dequilibrio-3in1\/#primaryimage\"},\"image\":{\"@id\":\"https:\/\/legandgo.com\/it\/shop\/bicicletta-di-equilibrio\/bicicletta-dequilibrio-3in1\/#primaryimage\"},\"thumbnailUrl\":\"https:\/\/legandgo.com\/wp-content\/uploads\/2020\/08\/3in1_Balance_bike_1000x1000.jpg\",\"datePublished\":\"2020-08-31T07:51:31+00:00\",\"dateModified\":\"2026-02-28T04:41:22+00:00\",\"description\":\"Scopri la Balance Bike 3in1 leg&go, la bici in legno che cresce con il tuo bambino da 1 a 5 anni. Leggera, sicura e sostenibile, con spedizione veloce in tutto il mondo.\",\"breadcrumb\":{\"@id\":\"https:\/\/legandgo.com\/it\/shop\/bicicletta-di-equilibrio\/bicicletta-dequilibrio-3in1\/#breadcrumb\"},\"inLanguage\":\"it-IT\",\"potentialAction\":[{\"@type\":\"ReadAction\",\"target\":[\"https:\/\/legandgo.com\/it\/shop\/bicicletta-di-equilibrio\/bicicletta-dequilibrio-3in1\/\"]}]},{\"@type\":\"ImageObject\",\"inLanguage\":\"it-IT\",\"@id\":\"https:\/\/legandgo.com\/it\/shop\/bicicletta-di-equilibrio\/bicicletta-dequilibrio-3in1\/#primaryimage\",\"url\":\"https:\/\/legandgo.com\/wp-content\/uploads\/2020\/08\/3in1_Balance_bike_1000x1000.jpg\",\"contentUrl\":\"https:\/\/legandgo.com\/wp-content\/uploads\/2020\/08\/3in1_Balance_bike_1000x1000.jpg\",\"width\":1000,\"height\":1000},{\"@type\":\"BreadcrumbList\",\"@id\":\"https:\/\/legandgo.com\/it\/shop\/bicicletta-di-equilibrio\/bicicletta-dequilibrio-3in1\/#breadcrumb\",\"itemListElement\":[{\"@type\":\"ListItem\",\"position\":1,\"name\":\"Home\",\"item\":\"https:\/\/legandgo.com\/it\/\"},{\"@type\":\"ListItem\",\"position\":2,\"name\":\"Shop\",\"item\":\"https:\/\/legandgo.com\/it\/shop\/\"},{\"@type\":\"ListItem\",\"position\":3,\"name\":\"Bicicletta d&#8217;equilibrio 3in1\"}]},{\"@type\":\"WebSite\",\"@id\":\"https:\/\/legandgo.com\/it\/#website\",\"url\":\"https:\/\/legandgo.com\/it\/\",\"name\":\"leg&amp;go\",\"description\":\"\",\"publisher\":{\"@id\":\"https:\/\/legandgo.com\/it\/#organization\"},\"potentialAction\":[{\"@type\":\"SearchAction\",\"target\":{\"@type\":\"EntryPoint\",\"urlTemplate\":\"https:\/\/legandgo.com\/it\/?s={search_term_string}\"},\"query-input\":{\"@type\":\"PropertyValueSpecification\",\"valueRequired\":true,\"valueName\":\"search_term_string\"}}],\"inLanguage\":\"it-IT\"},{\"@type\":\"Organization\",\"@id\":\"https:\/\/legandgo.com\/it\/#organization\",\"name\":\"leg&go bike\",\"url\":\"https:\/\/legandgo.com\/it\/\",\"logo\":{\"@type\":\"ImageObject\",\"inLanguage\":\"it-IT\",\"@id\":\"https:\/\/legandgo.com\/it\/#\/schema\/logo\/image\/\",\"url\":\"https:\/\/legandgo.com\/wp-content\/uploads\/2021\/03\/logorf.png\",\"contentUrl\":\"https:\/\/legandgo.com\/wp-content\/uploads\/2021\/03\/logorf.png\",\"width\":675,\"height\":216,\"caption\":\"leg&go bike\"},\"image\":{\"@id\":\"https:\/\/legandgo.com\/it\/#\/schema\/logo\/image\/\"},\"sameAs\":[\"https:\/\/www.facebook.com\/legandgo\",\"https:\/\/www.instagram.com\/legandgo\/\",\"https:\/\/www.linkedin.com\/company\/legandgo\/\",\"https:\/\/www.pinterest.com\/legandgo\/\",\"https:\/\/www.youtube.com\/channel\/UC_FBzWPmKWE0g7fcR4Xdfuw\/\"]}]}<\/script>\n<!-- \/ Yoast SEO plugin. -->","yoast_head_json":{"title":"Bicicletta d'equilibrio 3in1 &#183; leg&amp;go","description":"Scopri la Balance Bike 3in1 leg&go, la bici in legno che cresce con il tuo bambino da 1 a 5 anni. Leggera, sicura e sostenibile, con spedizione veloce in tutto il mondo.","robots":{"index":"index","follow":"follow","max-snippet":"max-snippet:-1","max-image-preview":"max-image-preview:large","max-video-preview":"max-video-preview:-1"},"canonical":"https:\/\/legandgo.com\/it\/shop\/bicicletta-di-equilibrio\/bicicletta-dequilibrio-3in1\/","og_locale":"it_IT","og_type":"article","og_title":"Bicicletta d'equilibrio 3in1 &#183; leg&amp;go","og_description":"Scopri la Balance Bike 3in1 leg&go, la bici in legno che cresce con il tuo bambino da 1 a 5 anni. Leggera, sicura e sostenibile, con spedizione veloce in tutto il mondo.","og_url":"https:\/\/legandgo.com\/it\/shop\/bicicletta-di-equilibrio\/bicicletta-dequilibrio-3in1\/","og_site_name":"leg&amp;go","article_publisher":"https:\/\/www.facebook.com\/legandgo","article_modified_time":"2026-02-28T04:41:22+00:00","og_image":[{"width":1000,"height":1000,"url":"https:\/\/legandgo.com\/wp-content\/uploads\/2020\/08\/3in1_Balance_bike_1000x1000.jpg","type":"image\/jpeg"}],"twitter_card":"summary_large_image","schema":{"@context":"https:\/\/schema.org","@graph":[{"@type":"WebPage","@id":"https:\/\/legandgo.com\/it\/shop\/bicicletta-di-equilibrio\/bicicletta-dequilibrio-3in1\/","url":"https:\/\/legandgo.com\/it\/shop\/bicicletta-di-equilibrio\/bicicletta-dequilibrio-3in1\/","name":"Bicicletta d'equilibrio 3in1 &#183; leg&amp;go","isPartOf":{"@id":"https:\/\/legandgo.com\/it\/#website"},"primaryImageOfPage":{"@id":"https:\/\/legandgo.com\/it\/shop\/bicicletta-di-equilibrio\/bicicletta-dequilibrio-3in1\/#primaryimage"},"image":{"@id":"https:\/\/legandgo.com\/it\/shop\/bicicletta-di-equilibrio\/bicicletta-dequilibrio-3in1\/#primaryimage"},"thumbnailUrl":"https:\/\/legandgo.com\/wp-content\/uploads\/2020\/08\/3in1_Balance_bike_1000x1000.jpg","datePublished":"2020-08-31T07:51:31+00:00","dateModified":"2026-02-28T04:41:22+00:00","description":"Scopri la Balance Bike 3in1 leg&go, la bici in legno che cresce con il tuo bambino da 1 a 5 anni. Leggera, sicura e sostenibile, con spedizione veloce in tutto il mondo.","breadcrumb":{"@id":"https:\/\/legandgo.com\/it\/shop\/bicicletta-di-equilibrio\/bicicletta-dequilibrio-3in1\/#breadcrumb"},"inLanguage":"it-IT","potentialAction":[{"@type":"ReadAction","target":["https:\/\/legandgo.com\/it\/shop\/bicicletta-di-equilibrio\/bicicletta-dequilibrio-3in1\/"]}]},{"@type":"ImageObject","inLanguage":"it-IT","@id":"https:\/\/legandgo.com\/it\/shop\/bicicletta-di-equilibrio\/bicicletta-dequilibrio-3in1\/#primaryimage","url":"https:\/\/legandgo.com\/wp-content\/uploads\/2020\/08\/3in1_Balance_bike_1000x1000.jpg","contentUrl":"https:\/\/legandgo.com\/wp-content\/uploads\/2020\/08\/3in1_Balance_bike_1000x1000.jpg","width":1000,"height":1000},{"@type":"BreadcrumbList","@id":"https:\/\/legandgo.com\/it\/shop\/bicicletta-di-equilibrio\/bicicletta-dequilibrio-3in1\/#breadcrumb","itemListElement":[{"@type":"ListItem","position":1,"name":"Home","item":"https:\/\/legandgo.com\/it\/"},{"@type":"ListItem","position":2,"name":"Shop","item":"https:\/\/legandgo.com\/it\/shop\/"},{"@type":"ListItem","position":3,"name":"Bicicletta d&#8217;equilibrio 3in1"}]},{"@type":"WebSite","@id":"https:\/\/legandgo.com\/it\/#website","url":"https:\/\/legandgo.com\/it\/","name":"leg&amp;go","description":"","publisher":{"@id":"https:\/\/legandgo.com\/it\/#organization"},"potentialAction":[{"@type":"SearchAction","target":{"@type":"EntryPoint","urlTemplate":"https:\/\/legandgo.com\/it\/?s={search_term_string}"},"query-input":{"@type":"PropertyValueSpecification","valueRequired":true,"valueName":"search_term_string"}}],"inLanguage":"it-IT"},{"@type":"Organization","@id":"https:\/\/legandgo.com\/it\/#organization","name":"leg&go bike","url":"https:\/\/legandgo.com\/it\/","logo":{"@type":"ImageObject","inLanguage":"it-IT","@id":"https:\/\/legandgo.com\/it\/#\/schema\/logo\/image\/","url":"https:\/\/legandgo.com\/wp-content\/uploads\/2021\/03\/logorf.png","contentUrl":"https:\/\/legandgo.com\/wp-content\/uploads\/2021\/03\/logorf.png","width":675,"height":216,"caption":"leg&go bike"},"image":{"@id":"https:\/\/legandgo.com\/it\/#\/schema\/logo\/image\/"},"sameAs":["https:\/\/www.facebook.com\/legandgo","https:\/\/www.instagram.com\/legandgo\/","https:\/\/www.linkedin.com\/company\/legandgo\/","https:\/\/www.pinterest.com\/legandgo\/","https:\/\/www.youtube.com\/channel\/UC_FBzWPmKWE0g7fcR4Xdfuw\/"]}]}},"_links":{"self":[{"href":"https:\/\/legandgo.com\/it\/wp-json\/wp\/v2\/product\/42516","targetHints":{"allow":["GET"]}}],"collection":[{"href":"https:\/\/legandgo.com\/it\/wp-json\/wp\/v2\/product"}],"about":[{"href":"https:\/\/legandgo.com\/it\/wp-json\/wp\/v2\/types\/product"}],"replies":[{"embeddable":true,"href":"https:\/\/legandgo.com\/it\/wp-json\/wp\/v2\/comments?post=42516"}],"version-history":[{"count":7,"href":"https:\/\/legandgo.com\/it\/wp-json\/wp\/v2\/product\/42516\/revisions"}],"predecessor-version":[{"id":51697,"href":"https:\/\/legandgo.com\/it\/wp-json\/wp\/v2\/product\/42516\/revisions\/51697"}],"wp:featuredmedia":[{"embeddable":true,"href":"https:\/\/legandgo.com\/it\/wp-json\/wp\/v2\/media\/42528"}],"wp:attachment":[{"href":"https:\/\/legandgo.com\/it\/wp-json\/wp\/v2\/media?parent=42516"}],"wp:term":[{"taxonomy":"product_brand","embeddable":true,"href":"https:\/\/legandgo.com\/it\/wp-json\/wp\/v2\/product_brand?post=42516"},{"taxonomy":"product_cat","embeddable":true,"href":"https:\/\/legandgo.com\/it\/wp-json\/wp\/v2\/product_cat?post=42516"},{"taxonomy":"product_tag","embeddable":true,"href":"https:\/\/legandgo.com\/it\/wp-json\/wp\/v2\/product_tag?post=42516"}],"curies":[{"name":"wp","href":"https:\/\/api.w.org\/{rel}","templated":true}]}}