{"id":43077,"date":"2021-05-21T14:53:05","date_gmt":"2021-05-21T12:53:05","guid":{"rendered":"https:\/\/legandgo.com\/shop\/senza-categoria\/set-muro-svedese-e-triangolo-di-arrampicata-2in1\/"},"modified":"2026-04-05T17:35:46","modified_gmt":"2026-04-05T15:35:46","slug":"set-muro-svedese-e-triangolo-di-arrampicata-2in1","status":"publish","type":"product","link":"https:\/\/legandgo.com\/it\/shop\/giocatoli\/set-muro-svedese-e-triangolo-di-arrampicata-2in1\/","title":{"rendered":"Set di pareti e triangoli svedesi 2in1 + componenti aggiuntivi"},"content":{"rendered":"<p style=\"font-weight: 400;\">Un triangolo Pikler dal design accattivante che si trasforma in una parete svedese, creando un versatile spazio di arrampicata indoor per bambini dai 6 mesi ai 7 anni circa.<\/p>\n<p style=\"font-weight: 400;\">Due configurazioni: Modalit\u00e0 triangolo e modalit\u00e0 muro. Passa da una modalit\u00e0 all&#8217;altra in circa un minuto senza bisogno di complicate configurazioni.<\/p>\n<p style=\"font-weight: 400;\">Disponibile in tre colori. I componenti aggiuntivi opzionali includono Rampa\/Scivolo, Balance Board e Tavolo e Sedia. Peso massimo per il triangolo\/muro svedese: 50 kg.<\/p>\n<p style=\"font-weight: 400;\"><strong>Scopri di pi\u00f9 qui sotto.<\/strong><\/p>\n","protected":false},"excerpt":{"rendered":"<p><br data-mce-bogus=\"1\"><\/p>\n","protected":false},"featured_media":43125,"comment_status":"closed","ping_status":"closed","template":"","meta":{"_acf_changed":false,"inline_featured_image":false,"footnotes":""},"product_brand":[],"product_cat":[1320,1019],"product_tag":[1737,1685,1731],"class_list":{"0":"post-43077","1":"product","2":"type-product","3":"status-publish","4":"has-post-thumbnail","6":"product_cat-categoria-giocattoli","7":"product_cat-giocatoli","8":"product_tag-triangolo-pikler-3","9":"product_tag-triangolo-pikler","10":"product_tag-triangolo-pikler-2","11":"product_shipping_class-climbers-shipping-it","13":"first","14":"instock","15":"purchasable","16":"product-type-woosb"},"bundled_by":[],"bundle_stock_status":"instock","bundle_stock_quantity":null,"bundle_virtual":false,"bundle_layout":"","bundle_add_to_cart_form_location":"","bundle_editable_in_cart":false,"bundle_sold_individually_context":"","bundle_item_grouping":"","bundle_min_size":"","bundle_max_size":"","bundle_price":[],"bundled_items":[],"bundle_sell_ids":[],"acf":[],"yoast_head":"<!-- This site is optimized with the Yoast SEO plugin v25.9 - https:\/\/yoast.com\/wordpress\/plugins\/seo\/ -->\n<title>Set di pareti e triangoli svedesi 2in1 + componenti aggiuntivi &#183; leg&amp;go<\/title>\n<meta name=\"description\" content=\"Incoraggia il gioco attivo con il set leg&amp;go Pikler triangolo e parete svedese 2in1. Passa facilmente da una modalit\u00e0 all&#039;altra senza bisogno di altri attrezzi.\" \/>\n<meta name=\"robots\" content=\"index, follow, max-snippet:-1, max-image-preview:large, max-video-preview:-1\" \/>\n<link rel=\"canonical\" href=\"https:\/\/legandgo.com\/it\/shop\/giocatoli\/set-muro-svedese-e-triangolo-di-arrampicata-2in1\/\" \/>\n<meta property=\"og:locale\" content=\"it_IT\" \/>\n<meta property=\"og:type\" content=\"article\" \/>\n<meta property=\"og:title\" content=\"Set di pareti e triangoli svedesi 2in1 + componenti aggiuntivi &#183; leg&amp;go\" \/>\n<meta property=\"og:description\" content=\"Incoraggia il gioco attivo con il set leg&amp;go Pikler triangolo e parete svedese 2in1. Passa facilmente da una modalit\u00e0 all&#039;altra senza bisogno di altri attrezzi.\" \/>\n<meta property=\"og:url\" content=\"https:\/\/legandgo.com\/it\/shop\/giocatoli\/set-muro-svedese-e-triangolo-di-arrampicata-2in1\/\" \/>\n<meta property=\"og:site_name\" content=\"leg&amp;go\" \/>\n<meta property=\"article:publisher\" content=\"https:\/\/www.facebook.com\/legandgo\" \/>\n<meta property=\"article:modified_time\" content=\"2026-04-05T15:35:46+00:00\" \/>\n<meta property=\"og:image\" content=\"https:\/\/legandgo.com\/wp-content\/uploads\/2021\/05\/leggo-legandgo-climbing-triangle-wall-set.jpg\" \/>\n\t<meta property=\"og:image:width\" content=\"800\" \/>\n\t<meta property=\"og:image:height\" content=\"800\" \/>\n\t<meta property=\"og:image:type\" content=\"image\/jpeg\" \/>\n<meta name=\"twitter:card\" content=\"summary_large_image\" \/>\n<script type=\"application\/ld+json\" class=\"yoast-schema-graph\">{\"@context\":\"https:\/\/schema.org\",\"@graph\":[{\"@type\":\"WebPage\",\"@id\":\"https:\/\/legandgo.com\/it\/shop\/giocatoli\/set-muro-svedese-e-triangolo-di-arrampicata-2in1\/\",\"url\":\"https:\/\/legandgo.com\/it\/shop\/giocatoli\/set-muro-svedese-e-triangolo-di-arrampicata-2in1\/\",\"name\":\"Set di pareti e triangoli svedesi 2in1 + componenti aggiuntivi &#183; leg&amp;go\",\"isPartOf\":{\"@id\":\"https:\/\/legandgo.com\/it\/#website\"},\"primaryImageOfPage\":{\"@id\":\"https:\/\/legandgo.com\/it\/shop\/giocatoli\/set-muro-svedese-e-triangolo-di-arrampicata-2in1\/#primaryimage\"},\"image\":{\"@id\":\"https:\/\/legandgo.com\/it\/shop\/giocatoli\/set-muro-svedese-e-triangolo-di-arrampicata-2in1\/#primaryimage\"},\"thumbnailUrl\":\"https:\/\/legandgo.com\/wp-content\/uploads\/2021\/05\/leggo-legandgo-climbing-triangle-wall-set.jpg\",\"datePublished\":\"2021-05-21T12:53:05+00:00\",\"dateModified\":\"2026-04-05T15:35:46+00:00\",\"description\":\"Incoraggia il gioco attivo con il set leg&go Pikler triangolo e parete svedese 2in1. Passa facilmente da una modalit\u00e0 all'altra senza bisogno di altri attrezzi.\",\"breadcrumb\":{\"@id\":\"https:\/\/legandgo.com\/it\/shop\/giocatoli\/set-muro-svedese-e-triangolo-di-arrampicata-2in1\/#breadcrumb\"},\"inLanguage\":\"it-IT\",\"potentialAction\":[{\"@type\":\"ReadAction\",\"target\":[\"https:\/\/legandgo.com\/it\/shop\/giocatoli\/set-muro-svedese-e-triangolo-di-arrampicata-2in1\/\"]}]},{\"@type\":\"ImageObject\",\"inLanguage\":\"it-IT\",\"@id\":\"https:\/\/legandgo.com\/it\/shop\/giocatoli\/set-muro-svedese-e-triangolo-di-arrampicata-2in1\/#primaryimage\",\"url\":\"https:\/\/legandgo.com\/wp-content\/uploads\/2021\/05\/leggo-legandgo-climbing-triangle-wall-set.jpg\",\"contentUrl\":\"https:\/\/legandgo.com\/wp-content\/uploads\/2021\/05\/leggo-legandgo-climbing-triangle-wall-set.jpg\",\"width\":800,\"height\":800},{\"@type\":\"BreadcrumbList\",\"@id\":\"https:\/\/legandgo.com\/it\/shop\/giocatoli\/set-muro-svedese-e-triangolo-di-arrampicata-2in1\/#breadcrumb\",\"itemListElement\":[{\"@type\":\"ListItem\",\"position\":1,\"name\":\"Home\",\"item\":\"https:\/\/legandgo.com\/it\/\"},{\"@type\":\"ListItem\",\"position\":2,\"name\":\"Shop\",\"item\":\"https:\/\/legandgo.com\/it\/shop\/\"},{\"@type\":\"ListItem\",\"position\":3,\"name\":\"Set di pareti e triangoli svedesi 2in1 + componenti aggiuntivi\"}]},{\"@type\":\"WebSite\",\"@id\":\"https:\/\/legandgo.com\/it\/#website\",\"url\":\"https:\/\/legandgo.com\/it\/\",\"name\":\"leg&amp;go\",\"description\":\"\",\"publisher\":{\"@id\":\"https:\/\/legandgo.com\/it\/#organization\"},\"potentialAction\":[{\"@type\":\"SearchAction\",\"target\":{\"@type\":\"EntryPoint\",\"urlTemplate\":\"https:\/\/legandgo.com\/it\/?s={search_term_string}\"},\"query-input\":{\"@type\":\"PropertyValueSpecification\",\"valueRequired\":true,\"valueName\":\"search_term_string\"}}],\"inLanguage\":\"it-IT\"},{\"@type\":\"Organization\",\"@id\":\"https:\/\/legandgo.com\/it\/#organization\",\"name\":\"leg&go bike\",\"url\":\"https:\/\/legandgo.com\/it\/\",\"logo\":{\"@type\":\"ImageObject\",\"inLanguage\":\"it-IT\",\"@id\":\"https:\/\/legandgo.com\/it\/#\/schema\/logo\/image\/\",\"url\":\"https:\/\/legandgo.com\/wp-content\/uploads\/2021\/03\/logorf.png\",\"contentUrl\":\"https:\/\/legandgo.com\/wp-content\/uploads\/2021\/03\/logorf.png\",\"width\":675,\"height\":216,\"caption\":\"leg&go bike\"},\"image\":{\"@id\":\"https:\/\/legandgo.com\/it\/#\/schema\/logo\/image\/\"},\"sameAs\":[\"https:\/\/www.facebook.com\/legandgo\",\"https:\/\/www.instagram.com\/legandgo\/\",\"https:\/\/www.linkedin.com\/company\/legandgo\/\",\"https:\/\/www.pinterest.com\/legandgo\/\",\"https:\/\/www.youtube.com\/channel\/UC_FBzWPmKWE0g7fcR4Xdfuw\/\"]}]}<\/script>\n<!-- \/ Yoast SEO plugin. -->","yoast_head_json":{"title":"Set di pareti e triangoli svedesi 2in1 + componenti aggiuntivi &#183; leg&amp;go","description":"Incoraggia il gioco attivo con il set leg&go Pikler triangolo e parete svedese 2in1. Passa facilmente da una modalit\u00e0 all'altra senza bisogno di altri attrezzi.","robots":{"index":"index","follow":"follow","max-snippet":"max-snippet:-1","max-image-preview":"max-image-preview:large","max-video-preview":"max-video-preview:-1"},"canonical":"https:\/\/legandgo.com\/it\/shop\/giocatoli\/set-muro-svedese-e-triangolo-di-arrampicata-2in1\/","og_locale":"it_IT","og_type":"article","og_title":"Set di pareti e triangoli svedesi 2in1 + componenti aggiuntivi &#183; leg&amp;go","og_description":"Incoraggia il gioco attivo con il set leg&go Pikler triangolo e parete svedese 2in1. Passa facilmente da una modalit\u00e0 all'altra senza bisogno di altri attrezzi.","og_url":"https:\/\/legandgo.com\/it\/shop\/giocatoli\/set-muro-svedese-e-triangolo-di-arrampicata-2in1\/","og_site_name":"leg&amp;go","article_publisher":"https:\/\/www.facebook.com\/legandgo","article_modified_time":"2026-04-05T15:35:46+00:00","og_image":[{"width":800,"height":800,"url":"https:\/\/legandgo.com\/wp-content\/uploads\/2021\/05\/leggo-legandgo-climbing-triangle-wall-set.jpg","type":"image\/jpeg"}],"twitter_card":"summary_large_image","schema":{"@context":"https:\/\/schema.org","@graph":[{"@type":"WebPage","@id":"https:\/\/legandgo.com\/it\/shop\/giocatoli\/set-muro-svedese-e-triangolo-di-arrampicata-2in1\/","url":"https:\/\/legandgo.com\/it\/shop\/giocatoli\/set-muro-svedese-e-triangolo-di-arrampicata-2in1\/","name":"Set di pareti e triangoli svedesi 2in1 + componenti aggiuntivi &#183; leg&amp;go","isPartOf":{"@id":"https:\/\/legandgo.com\/it\/#website"},"primaryImageOfPage":{"@id":"https:\/\/legandgo.com\/it\/shop\/giocatoli\/set-muro-svedese-e-triangolo-di-arrampicata-2in1\/#primaryimage"},"image":{"@id":"https:\/\/legandgo.com\/it\/shop\/giocatoli\/set-muro-svedese-e-triangolo-di-arrampicata-2in1\/#primaryimage"},"thumbnailUrl":"https:\/\/legandgo.com\/wp-content\/uploads\/2021\/05\/leggo-legandgo-climbing-triangle-wall-set.jpg","datePublished":"2021-05-21T12:53:05+00:00","dateModified":"2026-04-05T15:35:46+00:00","description":"Incoraggia il gioco attivo con il set leg&go Pikler triangolo e parete svedese 2in1. Passa facilmente da una modalit\u00e0 all'altra senza bisogno di altri attrezzi.","breadcrumb":{"@id":"https:\/\/legandgo.com\/it\/shop\/giocatoli\/set-muro-svedese-e-triangolo-di-arrampicata-2in1\/#breadcrumb"},"inLanguage":"it-IT","potentialAction":[{"@type":"ReadAction","target":["https:\/\/legandgo.com\/it\/shop\/giocatoli\/set-muro-svedese-e-triangolo-di-arrampicata-2in1\/"]}]},{"@type":"ImageObject","inLanguage":"it-IT","@id":"https:\/\/legandgo.com\/it\/shop\/giocatoli\/set-muro-svedese-e-triangolo-di-arrampicata-2in1\/#primaryimage","url":"https:\/\/legandgo.com\/wp-content\/uploads\/2021\/05\/leggo-legandgo-climbing-triangle-wall-set.jpg","contentUrl":"https:\/\/legandgo.com\/wp-content\/uploads\/2021\/05\/leggo-legandgo-climbing-triangle-wall-set.jpg","width":800,"height":800},{"@type":"BreadcrumbList","@id":"https:\/\/legandgo.com\/it\/shop\/giocatoli\/set-muro-svedese-e-triangolo-di-arrampicata-2in1\/#breadcrumb","itemListElement":[{"@type":"ListItem","position":1,"name":"Home","item":"https:\/\/legandgo.com\/it\/"},{"@type":"ListItem","position":2,"name":"Shop","item":"https:\/\/legandgo.com\/it\/shop\/"},{"@type":"ListItem","position":3,"name":"Set di pareti e triangoli svedesi 2in1 + componenti aggiuntivi"}]},{"@type":"WebSite","@id":"https:\/\/legandgo.com\/it\/#website","url":"https:\/\/legandgo.com\/it\/","name":"leg&amp;go","description":"","publisher":{"@id":"https:\/\/legandgo.com\/it\/#organization"},"potentialAction":[{"@type":"SearchAction","target":{"@type":"EntryPoint","urlTemplate":"https:\/\/legandgo.com\/it\/?s={search_term_string}"},"query-input":{"@type":"PropertyValueSpecification","valueRequired":true,"valueName":"search_term_string"}}],"inLanguage":"it-IT"},{"@type":"Organization","@id":"https:\/\/legandgo.com\/it\/#organization","name":"leg&go bike","url":"https:\/\/legandgo.com\/it\/","logo":{"@type":"ImageObject","inLanguage":"it-IT","@id":"https:\/\/legandgo.com\/it\/#\/schema\/logo\/image\/","url":"https:\/\/legandgo.com\/wp-content\/uploads\/2021\/03\/logorf.png","contentUrl":"https:\/\/legandgo.com\/wp-content\/uploads\/2021\/03\/logorf.png","width":675,"height":216,"caption":"leg&go bike"},"image":{"@id":"https:\/\/legandgo.com\/it\/#\/schema\/logo\/image\/"},"sameAs":["https:\/\/www.facebook.com\/legandgo","https:\/\/www.instagram.com\/legandgo\/","https:\/\/www.linkedin.com\/company\/legandgo\/","https:\/\/www.pinterest.com\/legandgo\/","https:\/\/www.youtube.com\/channel\/UC_FBzWPmKWE0g7fcR4Xdfuw\/"]}]}},"_links":{"self":[{"href":"https:\/\/legandgo.com\/it\/wp-json\/wp\/v2\/product\/43077","targetHints":{"allow":["GET"]}}],"collection":[{"href":"https:\/\/legandgo.com\/it\/wp-json\/wp\/v2\/product"}],"about":[{"href":"https:\/\/legandgo.com\/it\/wp-json\/wp\/v2\/types\/product"}],"replies":[{"embeddable":true,"href":"https:\/\/legandgo.com\/it\/wp-json\/wp\/v2\/comments?post=43077"}],"version-history":[{"count":14,"href":"https:\/\/legandgo.com\/it\/wp-json\/wp\/v2\/product\/43077\/revisions"}],"predecessor-version":[{"id":63238,"href":"https:\/\/legandgo.com\/it\/wp-json\/wp\/v2\/product\/43077\/revisions\/63238"}],"wp:featuredmedia":[{"embeddable":true,"href":"https:\/\/legandgo.com\/it\/wp-json\/wp\/v2\/media\/43125"}],"wp:attachment":[{"href":"https:\/\/legandgo.com\/it\/wp-json\/wp\/v2\/media?parent=43077"}],"wp:term":[{"taxonomy":"product_brand","embeddable":true,"href":"https:\/\/legandgo.com\/it\/wp-json\/wp\/v2\/product_brand?post=43077"},{"taxonomy":"product_cat","embeddable":true,"href":"https:\/\/legandgo.com\/it\/wp-json\/wp\/v2\/product_cat?post=43077"},{"taxonomy":"product_tag","embeddable":true,"href":"https:\/\/legandgo.com\/it\/wp-json\/wp\/v2\/product_tag?post=43077"}],"curies":[{"name":"wp","href":"https:\/\/api.w.org\/{rel}","templated":true}]}}