{"id":43412,"date":"2024-09-27T15:06:55","date_gmt":"2024-09-27T13:06:55","guid":{"rendered":"https:\/\/legandgo.com\/shop\/senza-categoria\/blocchi-per-bambini-in-schiuma-creativity\/"},"modified":"2026-03-19T09:47:05","modified_gmt":"2026-03-19T07:47:05","slug":"blocchi-per-bambini-in-schiuma-creativity","status":"publish","type":"product","link":"https:\/\/legandgo.com\/it\/shop\/mattoncini-morbidi\/blocchi-per-bambini-in-schiuma-creativity\/","title":{"rendered":"Blocchi per Bambini in Schiuma Creativity"},"content":{"rendered":"<p>Questo playset in schiuma \u00e8 una tela per la creativit\u00e0 del bambino. Con forme e dimensioni diverse, offre infinite possibilit\u00e0 di gioco immaginativo, costruzione ed esplorazione. Guardate il vostro bambino trasformare le sue idee in creazioni tangibili, migliorando attivamente le sue capacit\u00e0 di risoluzione dei problemi, di ragionamento spaziale e di pensiero critico. \u00c8 un modo divertente per imparare giocando.   <\/p>\n<p><strong>Scopri altre funzionalit\u00e0 qui sotto.<\/strong><\/p>\n","protected":false},"excerpt":{"rendered":"<p>Questo playset in schiuma \u00e8 una tela per la creativit\u00e0 del bambino. Con forme e dimensioni diverse, offre infinite possibilit\u00e0 di gioco immaginativo, costruzione ed esplorazione. Guardate il vostro bambino trasformare le sue idee in creazioni tangibili, migliorando attivamente le sue capacit\u00e0 di risoluzione dei problemi, di ragionamento spaziale e di pensiero critico. \u00c8 un<a class=\"excerpt-read-more\" href=\"https:\/\/legandgo.com\/it\/shop\/mattoncini-morbidi\/blocchi-per-bambini-in-schiuma-creativity\/\" title=\"ReadBlocchi per Bambini in Schiuma Creativity\">&#8230; Read more &raquo;<\/a><\/p>\n","protected":false},"featured_media":29008,"comment_status":"closed","ping_status":"closed","template":"","meta":{"_acf_changed":false,"inline_featured_image":false,"footnotes":""},"product_brand":[],"product_cat":[1320,1017],"product_tag":[1074,1070,1072,1075,1071,1067,1073,1068,1069],"class_list":{"0":"post-43412","1":"product","2":"type-product","3":"status-publish","4":"has-post-thumbnail","6":"product_cat-categoria-giocattoli","7":"product_cat-mattoncini-morbidi","8":"product_tag-blocchi-da-arrampicata-in-schiuma","9":"product_tag-blocchi-da-costruzione-grandi-in-schiuma","10":"product_tag-blocchi-da-gioco","11":"product_tag-blocchi-da-gioco-in-schiuma-grandi","12":"product_tag-blocchi-da-gioco-morbidi","13":"product_tag-blocchi-da-gioco-per-bambini","14":"product_tag-blocchi-di-schiuma-per-bambini","15":"product_tag-blocchi-morbidi","16":"product_tag-blocchi-morbidi-it","17":"product_shipping_class-soft-blocks-it","18":"pa_color-type-bianco","19":"pa_color-type-grigio-bianco","20":"pa_color-type-multicolore","21":"pa_color-type-multicolore-chiaro","22":"pa_color-type-pastello","24":"first","25":"instock","26":"sale","27":"purchasable","28":"product-type-variable","29":"has-default-attributes"},"bundled_by":[],"bundle_stock_status":"instock","bundle_stock_quantity":null,"bundle_virtual":false,"bundle_layout":"","bundle_add_to_cart_form_location":"","bundle_editable_in_cart":false,"bundle_sold_individually_context":"","bundle_item_grouping":"","bundle_min_size":"","bundle_max_size":"","bundle_price":[],"bundled_items":[],"bundle_sell_ids":[],"acf":[],"yoast_head":"<!-- This site is optimized with the Yoast SEO plugin v25.9 - https:\/\/yoast.com\/wordpress\/plugins\/seo\/ -->\n<title>Blocchi per Bambini in Schiuma Creativity &#183; leg&amp;go<\/title>\n<meta name=\"description\" content=\"Set di blocchi morbidi per l\u2019arrampicata per bambini piccoli, che trasforma qualsiasi stanza in un\u2019area gioco per bambini da 1 a 5 anni.\" \/>\n<meta name=\"robots\" content=\"index, follow, max-snippet:-1, max-image-preview:large, max-video-preview:-1\" \/>\n<link rel=\"canonical\" href=\"https:\/\/legandgo.com\/it\/shop\/mattoncini-morbidi\/blocchi-per-bambini-in-schiuma-creativity\/\" \/>\n<meta property=\"og:locale\" content=\"it_IT\" \/>\n<meta property=\"og:type\" content=\"article\" \/>\n<meta property=\"og:title\" content=\"Blocchi per Bambini in Schiuma Creativity &#183; leg&amp;go\" \/>\n<meta property=\"og:description\" content=\"Set di blocchi morbidi per l\u2019arrampicata per bambini piccoli, che trasforma qualsiasi stanza in un\u2019area gioco per bambini da 1 a 5 anni.\" \/>\n<meta property=\"og:url\" content=\"https:\/\/legandgo.com\/it\/shop\/mattoncini-morbidi\/blocchi-per-bambini-in-schiuma-creativity\/\" \/>\n<meta property=\"og:site_name\" content=\"leg&amp;go\" \/>\n<meta property=\"article:publisher\" content=\"https:\/\/www.facebook.com\/legandgo\" \/>\n<meta property=\"article:modified_time\" content=\"2026-03-19T07:47:05+00:00\" \/>\n<meta property=\"og:image\" content=\"https:\/\/legandgo.com\/wp-content\/uploads\/2024\/09\/soft-blocks-play-creativity-pastel-icon.jpg\" \/>\n\t<meta property=\"og:image:width\" content=\"600\" \/>\n\t<meta property=\"og:image:height\" content=\"600\" \/>\n\t<meta property=\"og:image:type\" content=\"image\/jpeg\" \/>\n<meta name=\"twitter:card\" content=\"summary_large_image\" \/>\n<script type=\"application\/ld+json\" class=\"yoast-schema-graph\">{\"@context\":\"https:\/\/schema.org\",\"@graph\":[{\"@type\":\"WebPage\",\"@id\":\"https:\/\/legandgo.com\/it\/shop\/mattoncini-morbidi\/blocchi-per-bambini-in-schiuma-creativity\/\",\"url\":\"https:\/\/legandgo.com\/it\/shop\/mattoncini-morbidi\/blocchi-per-bambini-in-schiuma-creativity\/\",\"name\":\"Blocchi per Bambini in Schiuma Creativity &#183; leg&amp;go\",\"isPartOf\":{\"@id\":\"https:\/\/legandgo.com\/it\/#website\"},\"primaryImageOfPage\":{\"@id\":\"https:\/\/legandgo.com\/it\/shop\/mattoncini-morbidi\/blocchi-per-bambini-in-schiuma-creativity\/#primaryimage\"},\"image\":{\"@id\":\"https:\/\/legandgo.com\/it\/shop\/mattoncini-morbidi\/blocchi-per-bambini-in-schiuma-creativity\/#primaryimage\"},\"thumbnailUrl\":\"https:\/\/legandgo.com\/wp-content\/uploads\/2024\/09\/soft-blocks-play-creativity-pastel-icon.jpg\",\"datePublished\":\"2024-09-27T13:06:55+00:00\",\"dateModified\":\"2026-03-19T07:47:05+00:00\",\"description\":\"Set di blocchi morbidi per l\u2019arrampicata per bambini piccoli, che trasforma qualsiasi stanza in un\u2019area gioco per bambini da 1 a 5 anni.\",\"breadcrumb\":{\"@id\":\"https:\/\/legandgo.com\/it\/shop\/mattoncini-morbidi\/blocchi-per-bambini-in-schiuma-creativity\/#breadcrumb\"},\"inLanguage\":\"it-IT\",\"potentialAction\":[{\"@type\":\"ReadAction\",\"target\":[\"https:\/\/legandgo.com\/it\/shop\/mattoncini-morbidi\/blocchi-per-bambini-in-schiuma-creativity\/\"]}]},{\"@type\":\"ImageObject\",\"inLanguage\":\"it-IT\",\"@id\":\"https:\/\/legandgo.com\/it\/shop\/mattoncini-morbidi\/blocchi-per-bambini-in-schiuma-creativity\/#primaryimage\",\"url\":\"https:\/\/legandgo.com\/wp-content\/uploads\/2024\/09\/soft-blocks-play-creativity-pastel-icon.jpg\",\"contentUrl\":\"https:\/\/legandgo.com\/wp-content\/uploads\/2024\/09\/soft-blocks-play-creativity-pastel-icon.jpg\",\"width\":600,\"height\":600},{\"@type\":\"BreadcrumbList\",\"@id\":\"https:\/\/legandgo.com\/it\/shop\/mattoncini-morbidi\/blocchi-per-bambini-in-schiuma-creativity\/#breadcrumb\",\"itemListElement\":[{\"@type\":\"ListItem\",\"position\":1,\"name\":\"Home\",\"item\":\"https:\/\/legandgo.com\/it\/\"},{\"@type\":\"ListItem\",\"position\":2,\"name\":\"Shop\",\"item\":\"https:\/\/legandgo.com\/it\/shop\/\"},{\"@type\":\"ListItem\",\"position\":3,\"name\":\"Blocchi per Bambini in Schiuma Creativity\"}]},{\"@type\":\"WebSite\",\"@id\":\"https:\/\/legandgo.com\/it\/#website\",\"url\":\"https:\/\/legandgo.com\/it\/\",\"name\":\"leg&amp;go\",\"description\":\"\",\"publisher\":{\"@id\":\"https:\/\/legandgo.com\/it\/#organization\"},\"potentialAction\":[{\"@type\":\"SearchAction\",\"target\":{\"@type\":\"EntryPoint\",\"urlTemplate\":\"https:\/\/legandgo.com\/it\/?s={search_term_string}\"},\"query-input\":{\"@type\":\"PropertyValueSpecification\",\"valueRequired\":true,\"valueName\":\"search_term_string\"}}],\"inLanguage\":\"it-IT\"},{\"@type\":\"Organization\",\"@id\":\"https:\/\/legandgo.com\/it\/#organization\",\"name\":\"leg&go bike\",\"url\":\"https:\/\/legandgo.com\/it\/\",\"logo\":{\"@type\":\"ImageObject\",\"inLanguage\":\"it-IT\",\"@id\":\"https:\/\/legandgo.com\/it\/#\/schema\/logo\/image\/\",\"url\":\"https:\/\/legandgo.com\/wp-content\/uploads\/2021\/03\/logorf.png\",\"contentUrl\":\"https:\/\/legandgo.com\/wp-content\/uploads\/2021\/03\/logorf.png\",\"width\":675,\"height\":216,\"caption\":\"leg&go bike\"},\"image\":{\"@id\":\"https:\/\/legandgo.com\/it\/#\/schema\/logo\/image\/\"},\"sameAs\":[\"https:\/\/www.facebook.com\/legandgo\",\"https:\/\/www.instagram.com\/legandgo\/\",\"https:\/\/www.linkedin.com\/company\/legandgo\/\",\"https:\/\/www.pinterest.com\/legandgo\/\",\"https:\/\/www.youtube.com\/channel\/UC_FBzWPmKWE0g7fcR4Xdfuw\/\"]}]}<\/script>\n<!-- \/ Yoast SEO plugin. -->","yoast_head_json":{"title":"Blocchi per Bambini in Schiuma Creativity &#183; leg&amp;go","description":"Set di blocchi morbidi per l\u2019arrampicata per bambini piccoli, che trasforma qualsiasi stanza in un\u2019area gioco per bambini da 1 a 5 anni.","robots":{"index":"index","follow":"follow","max-snippet":"max-snippet:-1","max-image-preview":"max-image-preview:large","max-video-preview":"max-video-preview:-1"},"canonical":"https:\/\/legandgo.com\/it\/shop\/mattoncini-morbidi\/blocchi-per-bambini-in-schiuma-creativity\/","og_locale":"it_IT","og_type":"article","og_title":"Blocchi per Bambini in Schiuma Creativity &#183; leg&amp;go","og_description":"Set di blocchi morbidi per l\u2019arrampicata per bambini piccoli, che trasforma qualsiasi stanza in un\u2019area gioco per bambini da 1 a 5 anni.","og_url":"https:\/\/legandgo.com\/it\/shop\/mattoncini-morbidi\/blocchi-per-bambini-in-schiuma-creativity\/","og_site_name":"leg&amp;go","article_publisher":"https:\/\/www.facebook.com\/legandgo","article_modified_time":"2026-03-19T07:47:05+00:00","og_image":[{"width":600,"height":600,"url":"https:\/\/legandgo.com\/wp-content\/uploads\/2024\/09\/soft-blocks-play-creativity-pastel-icon.jpg","type":"image\/jpeg"}],"twitter_card":"summary_large_image","schema":{"@context":"https:\/\/schema.org","@graph":[{"@type":"WebPage","@id":"https:\/\/legandgo.com\/it\/shop\/mattoncini-morbidi\/blocchi-per-bambini-in-schiuma-creativity\/","url":"https:\/\/legandgo.com\/it\/shop\/mattoncini-morbidi\/blocchi-per-bambini-in-schiuma-creativity\/","name":"Blocchi per Bambini in Schiuma Creativity &#183; leg&amp;go","isPartOf":{"@id":"https:\/\/legandgo.com\/it\/#website"},"primaryImageOfPage":{"@id":"https:\/\/legandgo.com\/it\/shop\/mattoncini-morbidi\/blocchi-per-bambini-in-schiuma-creativity\/#primaryimage"},"image":{"@id":"https:\/\/legandgo.com\/it\/shop\/mattoncini-morbidi\/blocchi-per-bambini-in-schiuma-creativity\/#primaryimage"},"thumbnailUrl":"https:\/\/legandgo.com\/wp-content\/uploads\/2024\/09\/soft-blocks-play-creativity-pastel-icon.jpg","datePublished":"2024-09-27T13:06:55+00:00","dateModified":"2026-03-19T07:47:05+00:00","description":"Set di blocchi morbidi per l\u2019arrampicata per bambini piccoli, che trasforma qualsiasi stanza in un\u2019area gioco per bambini da 1 a 5 anni.","breadcrumb":{"@id":"https:\/\/legandgo.com\/it\/shop\/mattoncini-morbidi\/blocchi-per-bambini-in-schiuma-creativity\/#breadcrumb"},"inLanguage":"it-IT","potentialAction":[{"@type":"ReadAction","target":["https:\/\/legandgo.com\/it\/shop\/mattoncini-morbidi\/blocchi-per-bambini-in-schiuma-creativity\/"]}]},{"@type":"ImageObject","inLanguage":"it-IT","@id":"https:\/\/legandgo.com\/it\/shop\/mattoncini-morbidi\/blocchi-per-bambini-in-schiuma-creativity\/#primaryimage","url":"https:\/\/legandgo.com\/wp-content\/uploads\/2024\/09\/soft-blocks-play-creativity-pastel-icon.jpg","contentUrl":"https:\/\/legandgo.com\/wp-content\/uploads\/2024\/09\/soft-blocks-play-creativity-pastel-icon.jpg","width":600,"height":600},{"@type":"BreadcrumbList","@id":"https:\/\/legandgo.com\/it\/shop\/mattoncini-morbidi\/blocchi-per-bambini-in-schiuma-creativity\/#breadcrumb","itemListElement":[{"@type":"ListItem","position":1,"name":"Home","item":"https:\/\/legandgo.com\/it\/"},{"@type":"ListItem","position":2,"name":"Shop","item":"https:\/\/legandgo.com\/it\/shop\/"},{"@type":"ListItem","position":3,"name":"Blocchi per Bambini in Schiuma Creativity"}]},{"@type":"WebSite","@id":"https:\/\/legandgo.com\/it\/#website","url":"https:\/\/legandgo.com\/it\/","name":"leg&amp;go","description":"","publisher":{"@id":"https:\/\/legandgo.com\/it\/#organization"},"potentialAction":[{"@type":"SearchAction","target":{"@type":"EntryPoint","urlTemplate":"https:\/\/legandgo.com\/it\/?s={search_term_string}"},"query-input":{"@type":"PropertyValueSpecification","valueRequired":true,"valueName":"search_term_string"}}],"inLanguage":"it-IT"},{"@type":"Organization","@id":"https:\/\/legandgo.com\/it\/#organization","name":"leg&go bike","url":"https:\/\/legandgo.com\/it\/","logo":{"@type":"ImageObject","inLanguage":"it-IT","@id":"https:\/\/legandgo.com\/it\/#\/schema\/logo\/image\/","url":"https:\/\/legandgo.com\/wp-content\/uploads\/2021\/03\/logorf.png","contentUrl":"https:\/\/legandgo.com\/wp-content\/uploads\/2021\/03\/logorf.png","width":675,"height":216,"caption":"leg&go bike"},"image":{"@id":"https:\/\/legandgo.com\/it\/#\/schema\/logo\/image\/"},"sameAs":["https:\/\/www.facebook.com\/legandgo","https:\/\/www.instagram.com\/legandgo\/","https:\/\/www.linkedin.com\/company\/legandgo\/","https:\/\/www.pinterest.com\/legandgo\/","https:\/\/www.youtube.com\/channel\/UC_FBzWPmKWE0g7fcR4Xdfuw\/"]}]}},"_links":{"self":[{"href":"https:\/\/legandgo.com\/it\/wp-json\/wp\/v2\/product\/43412","targetHints":{"allow":["GET"]}}],"collection":[{"href":"https:\/\/legandgo.com\/it\/wp-json\/wp\/v2\/product"}],"about":[{"href":"https:\/\/legandgo.com\/it\/wp-json\/wp\/v2\/types\/product"}],"replies":[{"embeddable":true,"href":"https:\/\/legandgo.com\/it\/wp-json\/wp\/v2\/comments?post=43412"}],"version-history":[{"count":4,"href":"https:\/\/legandgo.com\/it\/wp-json\/wp\/v2\/product\/43412\/revisions"}],"predecessor-version":[{"id":54418,"href":"https:\/\/legandgo.com\/it\/wp-json\/wp\/v2\/product\/43412\/revisions\/54418"}],"wp:featuredmedia":[{"embeddable":true,"href":"https:\/\/legandgo.com\/it\/wp-json\/wp\/v2\/media\/29008"}],"wp:attachment":[{"href":"https:\/\/legandgo.com\/it\/wp-json\/wp\/v2\/media?parent=43412"}],"wp:term":[{"taxonomy":"product_brand","embeddable":true,"href":"https:\/\/legandgo.com\/it\/wp-json\/wp\/v2\/product_brand?post=43412"},{"taxonomy":"product_cat","embeddable":true,"href":"https:\/\/legandgo.com\/it\/wp-json\/wp\/v2\/product_cat?post=43412"},{"taxonomy":"product_tag","embeddable":true,"href":"https:\/\/legandgo.com\/it\/wp-json\/wp\/v2\/product_tag?post=43412"}],"curies":[{"name":"wp","href":"https:\/\/api.w.org\/{rel}","templated":true}]}}