{"id":48071,"date":"2021-05-27T09:43:42","date_gmt":"2021-05-27T07:43:42","guid":{"rendered":"https:\/\/legandgo.com\/shop\/senza-categoria\/muro-svedese-e-triangolo-di-arrampicata-2in1\/"},"modified":"2026-04-19T17:35:45","modified_gmt":"2026-04-19T15:35:45","slug":"muro-svedese-e-triangolo-di-arrampicata-2in1","status":"publish","type":"product","link":"https:\/\/legandgo.com\/it\/shop\/giocatoli\/muro-svedese-e-triangolo-di-arrampicata-2in1\/","title":{"rendered":"Muro Svedese &amp; Triangolo di arrampicata 2in1"},"content":{"rendered":"<p style=\"font-weight: 400;\">Un triangolo Pikler dal design elegante che si trasforma in una spalliera svedese, creando uno spazio di arrampicata indoor versatile per bambini dai circa 6 mesi fino ai 7 anni.<\/p>\n<p style=\"font-weight: 400;\">Due configurazioni: Modalit\u00e0 triangolo e modalit\u00e0 muro. Passa da una modalit\u00e0 all&#8217;altra in circa un minuto senza bisogno di complicate configurazioni. Disponibile in tre colori. Peso massimo: 50 kg.   <\/p>\n<p style=\"font-weight: 400;\"><strong>Disponibile in tre colori. Gli accessori opzionali includono Rampa\/Scivolo, Balance Board e l\u2019accessorio Tavolo &amp; Sedia. <\/strong><\/p>\n","protected":false},"excerpt":{"rendered":"<p>Un triangolo Pikler dal design elegante che si trasforma in una spalliera svedese, creando uno spazio di arrampicata indoor versatile per bambini dai circa 6 mesi fino ai 7 anni. Due configurazioni: Modalit\u00e0 triangolo e modalit\u00e0 muro. Passa da una modalit\u00e0 all&#8217;altra in circa un minuto senza bisogno di complicate configurazioni. Disponibile in tre colori.<a class=\"excerpt-read-more\" href=\"https:\/\/legandgo.com\/it\/shop\/giocatoli\/muro-svedese-e-triangolo-di-arrampicata-2in1\/\" title=\"ReadMuro Svedese &amp; Triangolo di arrampicata 2in1\">&#8230; Read more &raquo;<\/a><\/p>\n","protected":false},"featured_media":48072,"comment_status":"closed","ping_status":"closed","template":"","meta":{"_acf_changed":false,"inline_featured_image":false,"footnotes":""},"product_brand":[],"product_cat":[1019],"product_tag":[1728,1720,1724,1716,1712,1737,1731],"class_list":{"0":"post-48071","1":"product","2":"type-product","3":"status-publish","4":"has-post-thumbnail","6":"product_cat-giocatoli","7":"product_tag-leg-go-2","8":"product_tag-leg-and-go","9":"product_tag-leg-go","10":"product_tag-leggo","11":"product_tag-legandgo","12":"product_tag-triangolo-pikler-3","13":"product_tag-triangolo-pikler-2","14":"pa_color-type-multicolore","15":"pa_color-type-natural-wood","16":"pa_color-type-pastello","18":"first","19":"outofstock","20":"sale","21":"purchasable","22":"product-type-variable","23":"has-default-attributes"},"bundled_by":["43077"],"bundle_stock_status":"outofstock","bundle_stock_quantity":null,"bundle_virtual":false,"bundle_layout":"","bundle_add_to_cart_form_location":"","bundle_editable_in_cart":false,"bundle_sold_individually_context":"","bundle_item_grouping":"","bundle_min_size":"","bundle_max_size":"","bundle_price":[],"bundled_items":[],"bundle_sell_ids":[],"acf":[],"yoast_head":"<!-- This site is optimized with the Yoast SEO plugin v25.9 - https:\/\/yoast.com\/wordpress\/plugins\/seo\/ -->\n<title>Triangolo di arrampicata e muro svedese 2-in-1 per bambini<\/title>\n<meta name=\"description\" content=\"Triangolo di arrampicata trasformabile che si converte in una spalliera svedese. Gioco da arrampicata indoor 2-in-1 per bambini, che favorisce movimento e abilit\u00e0 motorie.\" \/>\n<meta name=\"robots\" content=\"index, follow, max-snippet:-1, max-image-preview:large, max-video-preview:-1\" \/>\n<link rel=\"canonical\" href=\"https:\/\/legandgo.com\/it\/shop\/giocatoli\/muro-svedese-e-triangolo-di-arrampicata-2in1\/\" \/>\n<meta property=\"og:locale\" content=\"it_IT\" \/>\n<meta property=\"og:type\" content=\"article\" \/>\n<meta property=\"og:title\" content=\"Triangolo di arrampicata e muro svedese 2-in-1 per bambini\" \/>\n<meta property=\"og:description\" content=\"Triangolo di arrampicata trasformabile che si converte in una spalliera svedese. Gioco da arrampicata indoor 2-in-1 per bambini, che favorisce movimento e abilit\u00e0 motorie.\" \/>\n<meta property=\"og:url\" content=\"https:\/\/legandgo.com\/it\/shop\/giocatoli\/muro-svedese-e-triangolo-di-arrampicata-2in1\/\" \/>\n<meta property=\"og:site_name\" content=\"leg&amp;go\" \/>\n<meta property=\"article:publisher\" content=\"https:\/\/www.facebook.com\/legandgo\" \/>\n<meta property=\"article:modified_time\" content=\"2026-04-19T15:35:45+00:00\" \/>\n<meta property=\"og:image\" content=\"https:\/\/legandgo.com\/wp-content\/uploads\/2021\/05\/leggo-legandgo-pikler-triangle-set-swedish-wall.jpg\" \/>\n\t<meta property=\"og:image:width\" content=\"800\" \/>\n\t<meta property=\"og:image:height\" content=\"800\" \/>\n\t<meta property=\"og:image:type\" content=\"image\/jpeg\" \/>\n<meta name=\"twitter:card\" content=\"summary_large_image\" \/>\n<script type=\"application\/ld+json\" class=\"yoast-schema-graph\">{\"@context\":\"https:\/\/schema.org\",\"@graph\":[{\"@type\":\"WebPage\",\"@id\":\"https:\/\/legandgo.com\/it\/shop\/giocatoli\/muro-svedese-e-triangolo-di-arrampicata-2in1\/\",\"url\":\"https:\/\/legandgo.com\/it\/shop\/giocatoli\/muro-svedese-e-triangolo-di-arrampicata-2in1\/\",\"name\":\"Triangolo di arrampicata e muro svedese 2-in-1 per bambini\",\"isPartOf\":{\"@id\":\"https:\/\/legandgo.com\/it\/#website\"},\"primaryImageOfPage\":{\"@id\":\"https:\/\/legandgo.com\/it\/shop\/giocatoli\/muro-svedese-e-triangolo-di-arrampicata-2in1\/#primaryimage\"},\"image\":{\"@id\":\"https:\/\/legandgo.com\/it\/shop\/giocatoli\/muro-svedese-e-triangolo-di-arrampicata-2in1\/#primaryimage\"},\"thumbnailUrl\":\"https:\/\/legandgo.com\/wp-content\/uploads\/2021\/05\/leggo-legandgo-pikler-triangle-set-swedish-wall.jpg\",\"datePublished\":\"2021-05-27T07:43:42+00:00\",\"dateModified\":\"2026-04-19T15:35:45+00:00\",\"description\":\"Triangolo di arrampicata trasformabile che si converte in una spalliera svedese. Gioco da arrampicata indoor 2-in-1 per bambini, che favorisce movimento e abilit\u00e0 motorie.\",\"breadcrumb\":{\"@id\":\"https:\/\/legandgo.com\/it\/shop\/giocatoli\/muro-svedese-e-triangolo-di-arrampicata-2in1\/#breadcrumb\"},\"inLanguage\":\"it-IT\",\"potentialAction\":[{\"@type\":\"ReadAction\",\"target\":[\"https:\/\/legandgo.com\/it\/shop\/giocatoli\/muro-svedese-e-triangolo-di-arrampicata-2in1\/\"]}]},{\"@type\":\"ImageObject\",\"inLanguage\":\"it-IT\",\"@id\":\"https:\/\/legandgo.com\/it\/shop\/giocatoli\/muro-svedese-e-triangolo-di-arrampicata-2in1\/#primaryimage\",\"url\":\"https:\/\/legandgo.com\/wp-content\/uploads\/2021\/05\/leggo-legandgo-pikler-triangle-set-swedish-wall.jpg\",\"contentUrl\":\"https:\/\/legandgo.com\/wp-content\/uploads\/2021\/05\/leggo-legandgo-pikler-triangle-set-swedish-wall.jpg\",\"width\":800,\"height\":800},{\"@type\":\"BreadcrumbList\",\"@id\":\"https:\/\/legandgo.com\/it\/shop\/giocatoli\/muro-svedese-e-triangolo-di-arrampicata-2in1\/#breadcrumb\",\"itemListElement\":[{\"@type\":\"ListItem\",\"position\":1,\"name\":\"Home\",\"item\":\"https:\/\/legandgo.com\/it\/\"},{\"@type\":\"ListItem\",\"position\":2,\"name\":\"Shop\",\"item\":\"https:\/\/legandgo.com\/it\/shop\/\"},{\"@type\":\"ListItem\",\"position\":3,\"name\":\"Muro Svedese &amp; Triangolo di arrampicata 2in1\"}]},{\"@type\":\"WebSite\",\"@id\":\"https:\/\/legandgo.com\/it\/#website\",\"url\":\"https:\/\/legandgo.com\/it\/\",\"name\":\"leg&amp;go\",\"description\":\"\",\"publisher\":{\"@id\":\"https:\/\/legandgo.com\/it\/#organization\"},\"potentialAction\":[{\"@type\":\"SearchAction\",\"target\":{\"@type\":\"EntryPoint\",\"urlTemplate\":\"https:\/\/legandgo.com\/it\/?s={search_term_string}\"},\"query-input\":{\"@type\":\"PropertyValueSpecification\",\"valueRequired\":true,\"valueName\":\"search_term_string\"}}],\"inLanguage\":\"it-IT\"},{\"@type\":\"Organization\",\"@id\":\"https:\/\/legandgo.com\/it\/#organization\",\"name\":\"leg&go bike\",\"url\":\"https:\/\/legandgo.com\/it\/\",\"logo\":{\"@type\":\"ImageObject\",\"inLanguage\":\"it-IT\",\"@id\":\"https:\/\/legandgo.com\/it\/#\/schema\/logo\/image\/\",\"url\":\"https:\/\/legandgo.com\/wp-content\/uploads\/2021\/03\/logorf.png\",\"contentUrl\":\"https:\/\/legandgo.com\/wp-content\/uploads\/2021\/03\/logorf.png\",\"width\":675,\"height\":216,\"caption\":\"leg&go bike\"},\"image\":{\"@id\":\"https:\/\/legandgo.com\/it\/#\/schema\/logo\/image\/\"},\"sameAs\":[\"https:\/\/www.facebook.com\/legandgo\",\"https:\/\/www.instagram.com\/legandgo\/\",\"https:\/\/www.linkedin.com\/company\/legandgo\/\",\"https:\/\/www.pinterest.com\/legandgo\/\",\"https:\/\/www.youtube.com\/channel\/UC_FBzWPmKWE0g7fcR4Xdfuw\/\"]}]}<\/script>\n<!-- \/ Yoast SEO plugin. -->","yoast_head_json":{"title":"Triangolo di arrampicata e muro svedese 2-in-1 per bambini","description":"Triangolo di arrampicata trasformabile che si converte in una spalliera svedese. Gioco da arrampicata indoor 2-in-1 per bambini, che favorisce movimento e abilit\u00e0 motorie.","robots":{"index":"index","follow":"follow","max-snippet":"max-snippet:-1","max-image-preview":"max-image-preview:large","max-video-preview":"max-video-preview:-1"},"canonical":"https:\/\/legandgo.com\/it\/shop\/giocatoli\/muro-svedese-e-triangolo-di-arrampicata-2in1\/","og_locale":"it_IT","og_type":"article","og_title":"Triangolo di arrampicata e muro svedese 2-in-1 per bambini","og_description":"Triangolo di arrampicata trasformabile che si converte in una spalliera svedese. Gioco da arrampicata indoor 2-in-1 per bambini, che favorisce movimento e abilit\u00e0 motorie.","og_url":"https:\/\/legandgo.com\/it\/shop\/giocatoli\/muro-svedese-e-triangolo-di-arrampicata-2in1\/","og_site_name":"leg&amp;go","article_publisher":"https:\/\/www.facebook.com\/legandgo","article_modified_time":"2026-04-19T15:35:45+00:00","og_image":[{"width":800,"height":800,"url":"https:\/\/legandgo.com\/wp-content\/uploads\/2021\/05\/leggo-legandgo-pikler-triangle-set-swedish-wall.jpg","type":"image\/jpeg"}],"twitter_card":"summary_large_image","schema":{"@context":"https:\/\/schema.org","@graph":[{"@type":"WebPage","@id":"https:\/\/legandgo.com\/it\/shop\/giocatoli\/muro-svedese-e-triangolo-di-arrampicata-2in1\/","url":"https:\/\/legandgo.com\/it\/shop\/giocatoli\/muro-svedese-e-triangolo-di-arrampicata-2in1\/","name":"Triangolo di arrampicata e muro svedese 2-in-1 per bambini","isPartOf":{"@id":"https:\/\/legandgo.com\/it\/#website"},"primaryImageOfPage":{"@id":"https:\/\/legandgo.com\/it\/shop\/giocatoli\/muro-svedese-e-triangolo-di-arrampicata-2in1\/#primaryimage"},"image":{"@id":"https:\/\/legandgo.com\/it\/shop\/giocatoli\/muro-svedese-e-triangolo-di-arrampicata-2in1\/#primaryimage"},"thumbnailUrl":"https:\/\/legandgo.com\/wp-content\/uploads\/2021\/05\/leggo-legandgo-pikler-triangle-set-swedish-wall.jpg","datePublished":"2021-05-27T07:43:42+00:00","dateModified":"2026-04-19T15:35:45+00:00","description":"Triangolo di arrampicata trasformabile che si converte in una spalliera svedese. Gioco da arrampicata indoor 2-in-1 per bambini, che favorisce movimento e abilit\u00e0 motorie.","breadcrumb":{"@id":"https:\/\/legandgo.com\/it\/shop\/giocatoli\/muro-svedese-e-triangolo-di-arrampicata-2in1\/#breadcrumb"},"inLanguage":"it-IT","potentialAction":[{"@type":"ReadAction","target":["https:\/\/legandgo.com\/it\/shop\/giocatoli\/muro-svedese-e-triangolo-di-arrampicata-2in1\/"]}]},{"@type":"ImageObject","inLanguage":"it-IT","@id":"https:\/\/legandgo.com\/it\/shop\/giocatoli\/muro-svedese-e-triangolo-di-arrampicata-2in1\/#primaryimage","url":"https:\/\/legandgo.com\/wp-content\/uploads\/2021\/05\/leggo-legandgo-pikler-triangle-set-swedish-wall.jpg","contentUrl":"https:\/\/legandgo.com\/wp-content\/uploads\/2021\/05\/leggo-legandgo-pikler-triangle-set-swedish-wall.jpg","width":800,"height":800},{"@type":"BreadcrumbList","@id":"https:\/\/legandgo.com\/it\/shop\/giocatoli\/muro-svedese-e-triangolo-di-arrampicata-2in1\/#breadcrumb","itemListElement":[{"@type":"ListItem","position":1,"name":"Home","item":"https:\/\/legandgo.com\/it\/"},{"@type":"ListItem","position":2,"name":"Shop","item":"https:\/\/legandgo.com\/it\/shop\/"},{"@type":"ListItem","position":3,"name":"Muro Svedese &amp; Triangolo di arrampicata 2in1"}]},{"@type":"WebSite","@id":"https:\/\/legandgo.com\/it\/#website","url":"https:\/\/legandgo.com\/it\/","name":"leg&amp;go","description":"","publisher":{"@id":"https:\/\/legandgo.com\/it\/#organization"},"potentialAction":[{"@type":"SearchAction","target":{"@type":"EntryPoint","urlTemplate":"https:\/\/legandgo.com\/it\/?s={search_term_string}"},"query-input":{"@type":"PropertyValueSpecification","valueRequired":true,"valueName":"search_term_string"}}],"inLanguage":"it-IT"},{"@type":"Organization","@id":"https:\/\/legandgo.com\/it\/#organization","name":"leg&go bike","url":"https:\/\/legandgo.com\/it\/","logo":{"@type":"ImageObject","inLanguage":"it-IT","@id":"https:\/\/legandgo.com\/it\/#\/schema\/logo\/image\/","url":"https:\/\/legandgo.com\/wp-content\/uploads\/2021\/03\/logorf.png","contentUrl":"https:\/\/legandgo.com\/wp-content\/uploads\/2021\/03\/logorf.png","width":675,"height":216,"caption":"leg&go bike"},"image":{"@id":"https:\/\/legandgo.com\/it\/#\/schema\/logo\/image\/"},"sameAs":["https:\/\/www.facebook.com\/legandgo","https:\/\/www.instagram.com\/legandgo\/","https:\/\/www.linkedin.com\/company\/legandgo\/","https:\/\/www.pinterest.com\/legandgo\/","https:\/\/www.youtube.com\/channel\/UC_FBzWPmKWE0g7fcR4Xdfuw\/"]}]}},"_links":{"self":[{"href":"https:\/\/legandgo.com\/it\/wp-json\/wp\/v2\/product\/48071","targetHints":{"allow":["GET"]}}],"collection":[{"href":"https:\/\/legandgo.com\/it\/wp-json\/wp\/v2\/product"}],"about":[{"href":"https:\/\/legandgo.com\/it\/wp-json\/wp\/v2\/types\/product"}],"replies":[{"embeddable":true,"href":"https:\/\/legandgo.com\/it\/wp-json\/wp\/v2\/comments?post=48071"}],"version-history":[{"count":8,"href":"https:\/\/legandgo.com\/it\/wp-json\/wp\/v2\/product\/48071\/revisions"}],"predecessor-version":[{"id":54358,"href":"https:\/\/legandgo.com\/it\/wp-json\/wp\/v2\/product\/48071\/revisions\/54358"}],"wp:featuredmedia":[{"embeddable":true,"href":"https:\/\/legandgo.com\/it\/wp-json\/wp\/v2\/media\/48072"}],"wp:attachment":[{"href":"https:\/\/legandgo.com\/it\/wp-json\/wp\/v2\/media?parent=48071"}],"wp:term":[{"taxonomy":"product_brand","embeddable":true,"href":"https:\/\/legandgo.com\/it\/wp-json\/wp\/v2\/product_brand?post=48071"},{"taxonomy":"product_cat","embeddable":true,"href":"https:\/\/legandgo.com\/it\/wp-json\/wp\/v2\/product_cat?post=48071"},{"taxonomy":"product_tag","embeddable":true,"href":"https:\/\/legandgo.com\/it\/wp-json\/wp\/v2\/product_tag?post=48071"}],"curies":[{"name":"wp","href":"https:\/\/api.w.org\/{rel}","templated":true}]}}