{"id":52854,"date":"2021-08-26T16:23:55","date_gmt":"2021-08-26T14:23:55","guid":{"rendered":"https:\/\/legandgo.com\/shop\/senza-categoria\/backpack\/"},"modified":"2026-02-20T12:43:30","modified_gmt":"2026-02-20T10:43:30","slug":"backpack","status":"publish","type":"product","link":"https:\/\/legandgo.com\/it\/shop\/accessori\/backpack\/","title":{"rendered":"Zaino"},"content":{"rendered":"<p style=\"font-weight: 400;\">Per piccoli esploratori pronti a partire per avventure pi\u00f9 lunghe, il nostro zaino per bambini \u00e8 della dimensione perfetta per una borraccia, uno snack e magari anche un amato peluche. Elegante ma pratico, \u00e8 pensato per accompagnare le avventure quotidiane, dalle uscite al parco alle giornate alla scuola dell\u2019infanzia. <\/p>\n<p style=\"font-weight: 400;\">Lo zaino \u00e8 resistente all\u2019acqua e dispone di una tasca frontale. L\u2019interno, la maniglia superiore e gli spallacci regolabili sono di colore nero. \u00c8 dotato anche di una cinghia aggiuntiva sul davanti per garantire la vestibilit\u00e0 pi\u00f9 confortevole. Per una maggiore sicurezza, il perimetro dello zaino \u00e8 rifinito con un bordo riflettente.    <\/p>\n<p style=\"font-weight: 400;\"><strong>Scopri di pi\u00f9 qui sotto.<\/strong><\/p>\n","protected":false},"excerpt":{"rendered":"<p>Per piccoli esploratori pronti a partire per avventure pi\u00f9 lunghe, il nostro zaino per bambini \u00e8 della dimensione perfetta per una borraccia, uno snack e magari anche un amato peluche. Elegante ma pratico, \u00e8 pensato per accompagnare le avventure quotidiane, dalle uscite al parco alle giornate alla scuola dell\u2019infanzia. Lo zaino \u00e8 resistente all\u2019acqua e<a class=\"excerpt-read-more\" href=\"https:\/\/legandgo.com\/it\/shop\/accessori\/backpack\/\" title=\"ReadZaino\">&#8230; Read more &raquo;<\/a><\/p>\n","protected":false},"featured_media":52865,"comment_status":"closed","ping_status":"closed","template":"","meta":{"_acf_changed":false,"inline_featured_image":false,"footnotes":""},"product_brand":[],"product_cat":[1013,1312],"product_tag":[],"class_list":{"0":"post-52854","1":"product","2":"type-product","3":"status-publish","4":"has-post-thumbnail","6":"product_cat-accessori","7":"product_cat-biciclette-senza-pedali-e-altro","8":"product_shipping_class-accessories-shipping-it","9":"pa_color-type-flowers","10":"pa_color-type-hedgehogs","11":"pa_color-type-ice-cream","12":"pa_color-type-mountains","13":"pa_color-type-squirrel","15":"first","16":"instock","17":"sale","18":"purchasable","19":"product-type-variable"},"bundled_by":[],"bundle_stock_status":"instock","bundle_stock_quantity":null,"bundle_virtual":false,"bundle_layout":"","bundle_add_to_cart_form_location":"","bundle_editable_in_cart":false,"bundle_sold_individually_context":"","bundle_item_grouping":"","bundle_min_size":"","bundle_max_size":"","bundle_price":[],"bundled_items":[],"bundle_sell_ids":[],"acf":[],"yoast_head":"<!-- This site is optimized with the Yoast SEO plugin v25.9 - https:\/\/yoast.com\/wordpress\/plugins\/seo\/ -->\n<title>Zaino &#183; leg&amp;go<\/title>\n<meta name=\"description\" content=\"Backpack for toddlers to store all their necessities in a very simple way.\" \/>\n<meta name=\"robots\" content=\"index, follow, max-snippet:-1, max-image-preview:large, max-video-preview:-1\" \/>\n<link rel=\"canonical\" href=\"https:\/\/legandgo.com\/it\/shop\/accessori\/backpack\/\" \/>\n<meta property=\"og:locale\" content=\"it_IT\" \/>\n<meta property=\"og:type\" content=\"article\" \/>\n<meta property=\"og:title\" content=\"Zaino &#183; leg&amp;go\" \/>\n<meta property=\"og:description\" content=\"Backpack for toddlers to store all their necessities in a very simple way.\" \/>\n<meta property=\"og:url\" content=\"https:\/\/legandgo.com\/it\/shop\/accessori\/backpack\/\" \/>\n<meta property=\"og:site_name\" content=\"leg&amp;go\" \/>\n<meta property=\"article:publisher\" content=\"https:\/\/www.facebook.com\/legandgo\" \/>\n<meta property=\"article:modified_time\" content=\"2026-02-20T10:43:30+00:00\" \/>\n<meta property=\"og:image\" content=\"https:\/\/legandgo.com\/wp-content\/uploads\/2021\/08\/backpack-1_720x480px-1.jpg\" \/>\n\t<meta property=\"og:image:width\" content=\"720\" \/>\n\t<meta property=\"og:image:height\" content=\"480\" \/>\n\t<meta property=\"og:image:type\" content=\"image\/jpeg\" \/>\n<meta name=\"twitter:card\" content=\"summary_large_image\" \/>\n<meta name=\"twitter:label1\" content=\"Est. reading time\" \/>\n\t<meta name=\"twitter:data1\" content=\"1 minuto\" \/>\n<script type=\"application\/ld+json\" class=\"yoast-schema-graph\">{\"@context\":\"https:\/\/schema.org\",\"@graph\":[{\"@type\":\"WebPage\",\"@id\":\"https:\/\/legandgo.com\/it\/shop\/accessori\/backpack\/\",\"url\":\"https:\/\/legandgo.com\/it\/shop\/accessori\/backpack\/\",\"name\":\"Zaino &#183; leg&amp;go\",\"isPartOf\":{\"@id\":\"https:\/\/legandgo.com\/it\/#website\"},\"primaryImageOfPage\":{\"@id\":\"https:\/\/legandgo.com\/it\/shop\/accessori\/backpack\/#primaryimage\"},\"image\":{\"@id\":\"https:\/\/legandgo.com\/it\/shop\/accessori\/backpack\/#primaryimage\"},\"thumbnailUrl\":\"https:\/\/legandgo.com\/wp-content\/uploads\/2021\/08\/backpack-1_720x480px-1.jpg\",\"datePublished\":\"2021-08-26T14:23:55+00:00\",\"dateModified\":\"2026-02-20T10:43:30+00:00\",\"description\":\"Backpack for toddlers to store all their necessities in a very simple way.\",\"breadcrumb\":{\"@id\":\"https:\/\/legandgo.com\/it\/shop\/accessori\/backpack\/#breadcrumb\"},\"inLanguage\":\"it-IT\",\"potentialAction\":[{\"@type\":\"ReadAction\",\"target\":[\"https:\/\/legandgo.com\/it\/shop\/accessori\/backpack\/\"]}]},{\"@type\":\"ImageObject\",\"inLanguage\":\"it-IT\",\"@id\":\"https:\/\/legandgo.com\/it\/shop\/accessori\/backpack\/#primaryimage\",\"url\":\"https:\/\/legandgo.com\/wp-content\/uploads\/2021\/08\/backpack-1_720x480px-1.jpg\",\"contentUrl\":\"https:\/\/legandgo.com\/wp-content\/uploads\/2021\/08\/backpack-1_720x480px-1.jpg\",\"width\":720,\"height\":480},{\"@type\":\"BreadcrumbList\",\"@id\":\"https:\/\/legandgo.com\/it\/shop\/accessori\/backpack\/#breadcrumb\",\"itemListElement\":[{\"@type\":\"ListItem\",\"position\":1,\"name\":\"Home\",\"item\":\"https:\/\/legandgo.com\/it\/\"},{\"@type\":\"ListItem\",\"position\":2,\"name\":\"Shop\",\"item\":\"https:\/\/legandgo.com\/it\/shop\/\"},{\"@type\":\"ListItem\",\"position\":3,\"name\":\"Zaino\"}]},{\"@type\":\"WebSite\",\"@id\":\"https:\/\/legandgo.com\/it\/#website\",\"url\":\"https:\/\/legandgo.com\/it\/\",\"name\":\"leg&amp;go\",\"description\":\"\",\"publisher\":{\"@id\":\"https:\/\/legandgo.com\/it\/#organization\"},\"potentialAction\":[{\"@type\":\"SearchAction\",\"target\":{\"@type\":\"EntryPoint\",\"urlTemplate\":\"https:\/\/legandgo.com\/it\/?s={search_term_string}\"},\"query-input\":{\"@type\":\"PropertyValueSpecification\",\"valueRequired\":true,\"valueName\":\"search_term_string\"}}],\"inLanguage\":\"it-IT\"},{\"@type\":\"Organization\",\"@id\":\"https:\/\/legandgo.com\/it\/#organization\",\"name\":\"leg&go bike\",\"url\":\"https:\/\/legandgo.com\/it\/\",\"logo\":{\"@type\":\"ImageObject\",\"inLanguage\":\"it-IT\",\"@id\":\"https:\/\/legandgo.com\/it\/#\/schema\/logo\/image\/\",\"url\":\"https:\/\/legandgo.com\/wp-content\/uploads\/2021\/03\/logorf.png\",\"contentUrl\":\"https:\/\/legandgo.com\/wp-content\/uploads\/2021\/03\/logorf.png\",\"width\":675,\"height\":216,\"caption\":\"leg&go bike\"},\"image\":{\"@id\":\"https:\/\/legandgo.com\/it\/#\/schema\/logo\/image\/\"},\"sameAs\":[\"https:\/\/www.facebook.com\/legandgo\",\"https:\/\/www.instagram.com\/legandgo\/\",\"https:\/\/www.linkedin.com\/company\/legandgo\/\",\"https:\/\/www.pinterest.com\/legandgo\/\",\"https:\/\/www.youtube.com\/channel\/UC_FBzWPmKWE0g7fcR4Xdfuw\/\"]}]}<\/script>\n<!-- \/ Yoast SEO plugin. -->","yoast_head_json":{"title":"Zaino &#183; leg&amp;go","description":"Backpack for toddlers to store all their necessities in a very simple way.","robots":{"index":"index","follow":"follow","max-snippet":"max-snippet:-1","max-image-preview":"max-image-preview:large","max-video-preview":"max-video-preview:-1"},"canonical":"https:\/\/legandgo.com\/it\/shop\/accessori\/backpack\/","og_locale":"it_IT","og_type":"article","og_title":"Zaino &#183; leg&amp;go","og_description":"Backpack for toddlers to store all their necessities in a very simple way.","og_url":"https:\/\/legandgo.com\/it\/shop\/accessori\/backpack\/","og_site_name":"leg&amp;go","article_publisher":"https:\/\/www.facebook.com\/legandgo","article_modified_time":"2026-02-20T10:43:30+00:00","og_image":[{"width":720,"height":480,"url":"https:\/\/legandgo.com\/wp-content\/uploads\/2021\/08\/backpack-1_720x480px-1.jpg","type":"image\/jpeg"}],"twitter_card":"summary_large_image","twitter_misc":{"Est. reading time":"1 minuto"},"schema":{"@context":"https:\/\/schema.org","@graph":[{"@type":"WebPage","@id":"https:\/\/legandgo.com\/it\/shop\/accessori\/backpack\/","url":"https:\/\/legandgo.com\/it\/shop\/accessori\/backpack\/","name":"Zaino &#183; leg&amp;go","isPartOf":{"@id":"https:\/\/legandgo.com\/it\/#website"},"primaryImageOfPage":{"@id":"https:\/\/legandgo.com\/it\/shop\/accessori\/backpack\/#primaryimage"},"image":{"@id":"https:\/\/legandgo.com\/it\/shop\/accessori\/backpack\/#primaryimage"},"thumbnailUrl":"https:\/\/legandgo.com\/wp-content\/uploads\/2021\/08\/backpack-1_720x480px-1.jpg","datePublished":"2021-08-26T14:23:55+00:00","dateModified":"2026-02-20T10:43:30+00:00","description":"Backpack for toddlers to store all their necessities in a very simple way.","breadcrumb":{"@id":"https:\/\/legandgo.com\/it\/shop\/accessori\/backpack\/#breadcrumb"},"inLanguage":"it-IT","potentialAction":[{"@type":"ReadAction","target":["https:\/\/legandgo.com\/it\/shop\/accessori\/backpack\/"]}]},{"@type":"ImageObject","inLanguage":"it-IT","@id":"https:\/\/legandgo.com\/it\/shop\/accessori\/backpack\/#primaryimage","url":"https:\/\/legandgo.com\/wp-content\/uploads\/2021\/08\/backpack-1_720x480px-1.jpg","contentUrl":"https:\/\/legandgo.com\/wp-content\/uploads\/2021\/08\/backpack-1_720x480px-1.jpg","width":720,"height":480},{"@type":"BreadcrumbList","@id":"https:\/\/legandgo.com\/it\/shop\/accessori\/backpack\/#breadcrumb","itemListElement":[{"@type":"ListItem","position":1,"name":"Home","item":"https:\/\/legandgo.com\/it\/"},{"@type":"ListItem","position":2,"name":"Shop","item":"https:\/\/legandgo.com\/it\/shop\/"},{"@type":"ListItem","position":3,"name":"Zaino"}]},{"@type":"WebSite","@id":"https:\/\/legandgo.com\/it\/#website","url":"https:\/\/legandgo.com\/it\/","name":"leg&amp;go","description":"","publisher":{"@id":"https:\/\/legandgo.com\/it\/#organization"},"potentialAction":[{"@type":"SearchAction","target":{"@type":"EntryPoint","urlTemplate":"https:\/\/legandgo.com\/it\/?s={search_term_string}"},"query-input":{"@type":"PropertyValueSpecification","valueRequired":true,"valueName":"search_term_string"}}],"inLanguage":"it-IT"},{"@type":"Organization","@id":"https:\/\/legandgo.com\/it\/#organization","name":"leg&go bike","url":"https:\/\/legandgo.com\/it\/","logo":{"@type":"ImageObject","inLanguage":"it-IT","@id":"https:\/\/legandgo.com\/it\/#\/schema\/logo\/image\/","url":"https:\/\/legandgo.com\/wp-content\/uploads\/2021\/03\/logorf.png","contentUrl":"https:\/\/legandgo.com\/wp-content\/uploads\/2021\/03\/logorf.png","width":675,"height":216,"caption":"leg&go bike"},"image":{"@id":"https:\/\/legandgo.com\/it\/#\/schema\/logo\/image\/"},"sameAs":["https:\/\/www.facebook.com\/legandgo","https:\/\/www.instagram.com\/legandgo\/","https:\/\/www.linkedin.com\/company\/legandgo\/","https:\/\/www.pinterest.com\/legandgo\/","https:\/\/www.youtube.com\/channel\/UC_FBzWPmKWE0g7fcR4Xdfuw\/"]}]}},"_links":{"self":[{"href":"https:\/\/legandgo.com\/it\/wp-json\/wp\/v2\/product\/52854","targetHints":{"allow":["GET"]}}],"collection":[{"href":"https:\/\/legandgo.com\/it\/wp-json\/wp\/v2\/product"}],"about":[{"href":"https:\/\/legandgo.com\/it\/wp-json\/wp\/v2\/types\/product"}],"replies":[{"embeddable":true,"href":"https:\/\/legandgo.com\/it\/wp-json\/wp\/v2\/comments?post=52854"}],"version-history":[{"count":0,"href":"https:\/\/legandgo.com\/it\/wp-json\/wp\/v2\/product\/52854\/revisions"}],"wp:featuredmedia":[{"embeddable":true,"href":"https:\/\/legandgo.com\/it\/wp-json\/wp\/v2\/media\/52865"}],"wp:attachment":[{"href":"https:\/\/legandgo.com\/it\/wp-json\/wp\/v2\/media?parent=52854"}],"wp:term":[{"taxonomy":"product_brand","embeddable":true,"href":"https:\/\/legandgo.com\/it\/wp-json\/wp\/v2\/product_brand?post=52854"},{"taxonomy":"product_cat","embeddable":true,"href":"https:\/\/legandgo.com\/it\/wp-json\/wp\/v2\/product_cat?post=52854"},{"taxonomy":"product_tag","embeddable":true,"href":"https:\/\/legandgo.com\/it\/wp-json\/wp\/v2\/product_tag?post=52854"}],"curies":[{"name":"wp","href":"https:\/\/api.w.org\/{rel}","templated":true}]}}